{"id":534,"date":"2024-11-13T16:53:42","date_gmt":"2024-11-13T16:53:42","guid":{"rendered":"https:\/\/innovas.mx\/?page_id=534"},"modified":"2025-02-07T22:46:13","modified_gmt":"2025-02-07T22:46:13","slug":"medios","status":"publish","type":"page","link":"https:\/\/innovas.mx\/index.php\/medios\/","title":{"rendered":"Medios"},"content":{"rendered":"\t\t<div data-elementor-type=\"wp-page\" data-elementor-id=\"534\" class=\"elementor elementor-534\">\n\t\t\t\t\t\t<section class=\"elementor-section elementor-top-section elementor-element elementor-element-a3b1062 elementor-section-full_width elementor-section-height-min-height elementor-section-height-default elementor-section-items-middle\" data-id=\"a3b1062\" data-element_type=\"section\" data-settings=\"{&quot;background_background&quot;:&quot;classic&quot;}\">\n\t\t\t\t\t\t<div class=\"elementor-container elementor-column-gap-no\">\n\t\t\t\t\t<div class=\"elementor-column elementor-col-50 elementor-top-column elementor-element elementor-element-127b9d9\" data-id=\"127b9d9\" data-element_type=\"column\">\n\t\t\t<div class=\"elementor-widget-wrap elementor-element-populated\">\n\t\t\t\t\t\t<div class=\"elementor-element elementor-element-24b5dd7 elementor-widget elementor-widget-heading\" data-id=\"24b5dd7\" data-element_type=\"widget\" data-widget_type=\"heading.default\">\n\t\t\t\t<div class=\"elementor-widget-container\">\n\t\t\t\t\t<h2 class=\"elementor-heading-title elementor-size-default\">MEDIOS<\/h2>\t\t\t\t<\/div>\n\t\t\t\t<\/div>\n\t\t\t\t\t<\/div>\n\t\t<\/div>\n\t\t\t\t<div class=\"elementor-column elementor-col-50 elementor-top-column elementor-element elementor-element-772288c\" data-id=\"772288c\" data-element_type=\"column\">\n\t\t\t<div class=\"elementor-widget-wrap\">\n\t\t\t\t\t\t\t<\/div>\n\t\t<\/div>\n\t\t\t\t\t<\/div>\n\t\t<\/section>\n\t\t<div class=\"elementor-element elementor-element-ccc4fb9 e-flex e-con-boxed e-con e-parent\" data-id=\"ccc4fb9\" data-element_type=\"container\">\n\t\t\t\t\t<div class=\"e-con-inner\">\n\t\t<div class=\"elementor-element elementor-element-fb828a3 e-con-full e-flex e-con e-child\" data-id=\"fb828a3\" data-element_type=\"container\">\n\t\t\t\t<\/div>\n\t\t<div class=\"elementor-element elementor-element-b912ae2 e-con-full e-flex e-con e-child\" data-id=\"b912ae2\" data-element_type=\"container\">\n\t\t\t\t<div class=\"elementor-element elementor-element-bea9028 elementor-widget elementor-widget-heading\" data-id=\"bea9028\" data-element_type=\"widget\" data-widget_type=\"heading.default\">\n\t\t\t\t<div class=\"elementor-widget-container\">\n\t\t\t\t\t<h1 class=\"elementor-heading-title elementor-size-default\">Mantente al tanto de las \u00faltimas noticias sobre la<\/h1>\t\t\t\t<\/div>\n\t\t\t\t<\/div>\n\t\t\t\t<div class=\"elementor-element elementor-element-4985ecd elementor-widget elementor-widget-heading\" data-id=\"4985ecd\" data-element_type=\"widget\" data-widget_type=\"heading.default\">\n\t\t\t\t<div class=\"elementor-widget-container\">\n\t\t\t\t\t<h1 class=\"elementor-heading-title elementor-size-default\">Expo de Innovaci\u00f3n y Vida Sustentable.<\/h1>\t\t\t\t<\/div>\n\t\t\t\t<\/div>\n\t\t\t\t<div class=\"elementor-element elementor-element-3f44ecb elementor-widget elementor-widget-heading\" data-id=\"3f44ecb\" data-element_type=\"widget\" data-widget_type=\"heading.default\">\n\t\t\t\t<div class=\"elementor-widget-container\">\n\t\t\t\t\t<h1 class=\"elementor-heading-title elementor-size-default\">Encuentra aqu\u00ed todos los comunicados de prensa y noticias relevantes del evento.<\/h1>\t\t\t\t<\/div>\n\t\t\t\t<\/div>\n\t\t\t\t<\/div>\n\t\t<div class=\"elementor-element elementor-element-06d49c6 e-con-full e-flex e-con e-child\" data-id=\"06d49c6\" data-element_type=\"container\">\n\t\t\t\t<\/div>\n\t\t\t\t\t<\/div>\n\t\t\t\t<\/div>\n\t\t\t\t<section class=\"elementor-section elementor-top-section elementor-element elementor-element-422f4920 elementor-section-content-bottom elementor-section-full_width elementor-hidden-desktop elementor-hidden-mobile elementor-section-height-default elementor-section-height-default\" data-id=\"422f4920\" data-element_type=\"section\" data-settings=\"{&quot;background_background&quot;:&quot;classic&quot;}\">\n\t\t\t\t\t\t<div class=\"elementor-container elementor-column-gap-no\">\n\t\t\t\t\t<div class=\"elementor-column elementor-col-50 elementor-top-column elementor-element elementor-element-45ab1b1 elementor-invisible\" data-id=\"45ab1b1\" data-element_type=\"column\" data-settings=\"{&quot;animation&quot;:&quot;fadeInLeft&quot;}\">\n\t\t\t<div class=\"elementor-widget-wrap elementor-element-populated\">\n\t\t\t\t\t\t<div class=\"elementor-element elementor-element-751369e elementor-widget elementor-widget-heading\" data-id=\"751369e\" data-element_type=\"widget\" data-widget_type=\"heading.default\">\n\t\t\t\t<div class=\"elementor-widget-container\">\n\t\t\t\t\t<h2 class=\"elementor-heading-title elementor-size-default\">Acreditaci\u00f3n para Medios:<\/h2>\t\t\t\t<\/div>\n\t\t\t\t<\/div>\n\t\t\t\t<div class=\"elementor-element elementor-element-4ae58cf elementor-widget__width-inherit elementor-widget elementor-widget-text-editor\" data-id=\"4ae58cf\" data-element_type=\"widget\" data-widget_type=\"text-editor.default\">\n\t\t\t\t<div class=\"elementor-widget-container\">\n\t\t\t\t\t\t\t\t\t<p>si eres periodista y deseas cubrir el evento, solicita tu acreditaci\u00f3n en esta secci\u00f3n.<\/p>\t\t\t\t\t\t\t\t<\/div>\n\t\t\t\t<\/div>\n\t\t\t\t<div class=\"elementor-element elementor-element-f22ab05 elementor-align-center elementor-widget elementor-widget-button\" data-id=\"f22ab05\" data-element_type=\"widget\" data-widget_type=\"button.default\">\n\t\t\t\t<div class=\"elementor-widget-container\">\n\t\t\t\t\t\t\t\t\t<div class=\"elementor-button-wrapper\">\n\t\t\t\t\t<a class=\"elementor-button elementor-button-link elementor-size-sm\" href=\"#\">\n\t\t\t\t\t\t<span class=\"elementor-button-content-wrapper\">\n\t\t\t\t\t\t\t\t\t<span class=\"elementor-button-text\">Registro Medios<\/span>\n\t\t\t\t\t<\/span>\n\t\t\t\t\t<\/a>\n\t\t\t\t<\/div>\n\t\t\t\t\t\t\t\t<\/div>\n\t\t\t\t<\/div>\n\t\t\t\t\t<\/div>\n\t\t<\/div>\n\t\t\t\t<div class=\"elementor-column elementor-col-50 elementor-top-column elementor-element elementor-element-5b6ef180\" data-id=\"5b6ef180\" data-element_type=\"column\">\n\t\t\t<div class=\"elementor-widget-wrap\">\n\t\t\t\t\t\t\t<\/div>\n\t\t<\/div>\n\t\t\t\t\t<\/div>\n\t\t<\/section>\n\t\t\t\t<section class=\"elementor-section elementor-top-section elementor-element elementor-element-36f0ed7 elementor-section-content-bottom elementor-section-full_width elementor-hidden-tablet elementor-section-height-default elementor-section-height-default\" data-id=\"36f0ed7\" data-element_type=\"section\" data-settings=\"{&quot;background_background&quot;:&quot;classic&quot;}\">\n\t\t\t\t\t\t<div class=\"elementor-container elementor-column-gap-no\">\n\t\t\t\t\t<div class=\"elementor-column elementor-col-50 elementor-top-column elementor-element elementor-element-8df54f8 elementor-invisible\" data-id=\"8df54f8\" data-element_type=\"column\" data-settings=\"{&quot;animation&quot;:&quot;fadeInLeft&quot;}\">\n\t\t\t<div class=\"elementor-widget-wrap\">\n\t\t\t\t\t\t\t<\/div>\n\t\t<\/div>\n\t\t\t\t<div class=\"elementor-column elementor-col-50 elementor-top-column elementor-element elementor-element-a0ad6c3 elementor-invisible\" data-id=\"a0ad6c3\" data-element_type=\"column\" data-settings=\"{&quot;animation&quot;:&quot;fadeInLeft&quot;}\">\n\t\t\t<div class=\"elementor-widget-wrap elementor-element-populated\">\n\t\t\t\t\t\t<div class=\"elementor-element elementor-element-5f1178e elementor-widget elementor-widget-heading\" data-id=\"5f1178e\" data-element_type=\"widget\" data-widget_type=\"heading.default\">\n\t\t\t\t<div class=\"elementor-widget-container\">\n\t\t\t\t\t<h2 class=\"elementor-heading-title elementor-size-default\">Acreditaci\u00f3n para Medios:<\/h2>\t\t\t\t<\/div>\n\t\t\t\t<\/div>\n\t\t\t\t<div class=\"elementor-element elementor-element-e08c9c3 elementor-widget__width-inherit elementor-widget elementor-widget-text-editor\" data-id=\"e08c9c3\" data-element_type=\"widget\" data-widget_type=\"text-editor.default\">\n\t\t\t\t<div class=\"elementor-widget-container\">\n\t\t\t\t\t\t\t\t\t<p>si eres periodista y deseas cubrir el evento, solicita tu acreditaci\u00f3n en esta secci\u00f3n.<\/p>\t\t\t\t\t\t\t\t<\/div>\n\t\t\t\t<\/div>\n\t\t\t\t\t<\/div>\n\t\t<\/div>\n\t\t\t\t\t<\/div>\n\t\t<\/section>\n\t\t<div class=\"elementor-element elementor-element-06239a3 e-flex e-con-boxed e-con e-parent\" data-id=\"06239a3\" data-element_type=\"container\">\n\t\t\t\t\t<div class=\"e-con-inner\">\n\t\t\t\t<div class=\"elementor-element elementor-element-e752151 elementor-widget elementor-widget-heading\" data-id=\"e752151\" data-element_type=\"widget\" data-widget_type=\"heading.default\">\n\t\t\t\t<div class=\"elementor-widget-container\">\n\t\t\t\t\t<h1 class=\"elementor-heading-title elementor-size-default\">Registro medios<\/h1>\t\t\t\t<\/div>\n\t\t\t\t<\/div>\n\t\t\t\t\t<\/div>\n\t\t\t\t<\/div>\n\t\t<div class=\"elementor-element elementor-element-bb74179 e-flex e-con-boxed e-con e-parent\" data-id=\"bb74179\" data-element_type=\"container\">\n\t\t\t\t\t<div class=\"e-con-inner\">\n\t\t<div class=\"elementor-element elementor-element-24f5701 e-con-full e-flex e-con e-child\" data-id=\"24f5701\" data-element_type=\"container\">\n\t\t\t\t<div class=\"elementor-element elementor-element-3cd37b1 elementor-widget elementor-widget-html\" data-id=\"3cd37b1\" data-element_type=\"widget\" data-widget_type=\"html.default\">\n\t\t\t\t<div class=\"elementor-widget-container\">\n\t\t\t\t\t<!doctype html>\n<html>\n<head>\n    \n     <script src=\"https:\/\/www.google.com\/recaptcha\/api.js\" async defer><\/script>\n\n<style>\n\n\t\n<style>\n\n@media screen and (min-width: 780px) {\n.full-width-img {\nmargin: auto;\nwidth: 100%;\npadding: 0px;\n}\n\n.saludo {\n  float: left;\n  width: 45%;\n  margin: 0% .5%;\n}\n\n\t.nombre {\n  float: left;\n  width: 49%;\n  margin: 0% .5%;\n  \n}\n\n\n\n  .empresa{\n  width: 49%;\n  float: left;\n  margin: 0% .5%;\n}\n\n\t\/2DA LINEA\/ \/2DA LINEA\/\n\t\/2DA LINEA\/ \/2DA LINEA\/\n\t\n\t.domicilio{\n  width: 45%;\n  float: left;\n  margin: 0% .5%;\n}\n\n.estado2{\n  width: 45%;\n  float: left;\n  margin: 0% .5%;\n}\n\n.ciudad2{\n  width: 49%;\n  float: left;\n  margin: 0% .5%;\n}\n\n\n\t\/3RA LINEA\/ \/3RA LINEA\/\n\t\/3RA LINEA\/ \/3RA LINEA\/\n\n.celular2{\n  width: 49%;\n  float: left;\n  margin: 0% .5%;\n}\n\n.mail2 {\n  float: left;\n  width: 49%;\n  margin: 0% .5%;\n}\n\n.contactado {\n  float: left;\n  width: 45%;\n  margin: 0% .5%;\n}\n\n.horario {\n  float: left;\n  width: 99%;\n  margin: 0% .5%;\n}\n\n.caja2 {\n  float: left;\n  width: 99%;\n  margin: 0% .5% 0% .5%;\n}\n\n    \/4TA LINEA\/ \/4TA LINEA\/\n\t\/4TA LINEA\/ \/4TA LINEA\/\n\n  .marca{\n  width: 24%;\n  float: left;\n  margin: 0% .5%;\n}\n\n.modelo{\n  width: 24%;\n  float: left;\n  margin: 0% .5%;\n}\n\n.year {\n  float: left;\n  width: 24%;\n  margin: 0% .5%;\n}\n\n.version {\n  float: left;\n  width: 24%;\n  margin: 0% .5%;\n}\n\t\n    \/5TA LINEA\/ \/5TA LINEA\/\n\t\/5TA LINEA\/ \/5TA LINEA\/\n\n.convergencia{\n  width: 24%;\n  float: left;\n  margin: 0% .5%;\n}\n\n.domadic{\n  width: 89%;\n  float: left;\n  margin: 0% .5%;\n}\n\t\n\t\/6TA LINEA\/ \/6TA LINEA\/\n\t\/6TA LINEA\/ \/6TA LINEA\/\n\n  .nombrecont{\n  width: 32%;\n  float: left;\n  margin: 0% .5%;\n}\n\n.celularcont{\n  width: 32%;\n  float: left;\n  margin: 0% 1%;\n}\n\n.emailcont{\n  float: left;\n  width: 32%;\n  margin: 0% .5%;\n}\n\t\n    \/5TA LINEA\/ \/5TA LINEA\/\n\t\/5TA LINEA\/ \/5TA LINEA\/\n\n.serie{\n  width: 49%;\n  float: left;\n  margin: 0% .5%;\n}\n\n.recaptcha{\n  width: 55%;\n  float: left;\n  margin: 0% .5%;\n}\n\n\n.pedidos{\n  width: 49%;\n  float: left;\n  margin: 0% .5%;\n}\n\t\n.message {\n  float: none;\n}\n\n.archivo1{\n  width: 32%;\n  float: left;\n  margin: 0% .5%;\n  \n}\n\n.archivo2{\n  width: 32%;\n  float: left;\n  margin: 0% .5%;\n  \n}\n\n.archivo3{\n  width: 32%;\n  float: left;\n  margin: 0% .5%;\n  \n}\n\t\n.subject {\n  width: 100%;\n}\n\n.telephone {\n  width: 100%;\n}\n\t\n@import url(https:\/\/fonts.googleapis.com\/css?family=Montserrat:400,700);\n\nhtml {\n  font-family: 'Montserrat', Arial, sans-serif;\n  -ms-text-size-adjust: 100%;\n  -webkit-text-size-adjust: 100%;\n}\n\nbody {\n  background: #ffffff;\n}\n\nbutton {\n  overflow: visible;\n}\n\nbutton, select {\n  text-transform: none;\n}\n\nbutton, input, select, datetime-local, textarea, checkbox {\n  color: #5A5A5A;\n  font: inherit;\n  margin: 0;\n}\n\ninput {\n  line-height: normal;\n}\n\ncheckbox {\n  line-height: normal;\n}\n\ntextarea {\n  overflow: auto;\n}\n\n#container {\n  max-width: 100%;\n  position: relative;\n}\n\nform {\n  padding: 3%;\n  margin: 0px 0;\n}\n\nh1 {\n  color: #474544;\n  font-size: 32px;\n  font-weight: 700;\n  letter-spacing: 7px;\n  text-align: center;\n  \n}\n\n\/*input:required {\n  background: none;\n  border: none;\n  border-bottom: solid 2px #FF2D00;\n  color: #FF2D00;\n  font-size: 1.000em;\n  font-weight: 400;\n  letter-spacing: 1px;\n  margin: 0em 0 1.875em 0;\n  padding: 0 0 0.875em 0;\n  text-transform: uppercase;\n  width: 100%;\n  -webkit-box-sizing: border-box;\n  -moz-box-sizing: border-box;\n  -ms-box-sizing: border-box;\n  -o-box-sizing: border-box;\n  box-sizing: border-box;\n  -webkit-transition: all 0.3s;\n  -moz-transition: all 0.3s;\n  -ms-transition: all 0.3s;\n  -o-transition: all 0.3s;\n  transition: all 0.3s;\n}*\/\n\ninput[type='text'], [type='email'], [type='checkbox'], [type='datetime-local'], select, textarea {\n  background: none;\n  border: none;\n  border-bottom: solid 2px #474544;\n  color: #474544;\n  font-size: 1.000em;\n  font-weight: 400;\n  letter-spacing: 1px;\n  margin: 0px 0px 4px 0px;\n  padding: 0 0 0.875em 0;\n  \n  width: 100%;\n  -webkit-box-sizing: border-box;\n  -moz-box-sizing: border-box;\n  -ms-box-sizing: border-box;\n  -o-box-sizing: border-box;\n  box-sizing: border-box;\n  -webkit-transition: all 0.3s;\n  -moz-transition: all 0.3s;\n  -ms-transition: all 0.3s;\n  -o-transition: all 0.3s;\n  transition: all 0.3s;\n}\n\n.required {\n    border-bottom: solid 2px red !important;\n}\n\ninput[type='text']:focus, [type='email']:focus, [type='checkbox']:focus, [type='datetime-local']:focus, textarea:focus {\n  outline: none;\n  padding: 0 0 0.875em 0;\n}\n\n\n\nselect {\n  \n  outline: none;\n  -moz-appearance: none;\n  -webkit-appearance: none;\n}\n\nselect::-ms-expand {\n  display: none;\n}\n\ntextarea {\n  line-height: 150%;\n  height: 150px;\n  resize: none;\n  width: 100%;\n}\n\n::-webkit-input-placeholder {\n  color: 474544;\n}\n\n:-moz-placeholder: { \n  color: #474544;\n  font-weight:bold;\n}\n\n::-moz-placeholder {\n  color: #474544;\n  font-weight:bold;\n}\n\n:-ms-input-placeholder {\n  color: #474544;\n  font-weight:bold;\n}\n\n#form_button {\n  background: #1a927e;\n  \n  color: #fff;\n  cursor: pointer;\n  display: inline-block;\n  font-family: 'Helvetica', Arial, sans-serif;\n  font-size: 0.875em;\n  font-weight: bold;\n  outline: none;\n  padding: 20px 35px;\n  text-transform: uppercase;\n  -webkit-transition: all 0.3s;\n  -moz-transition: all 0.3s;\n  -ms-transition: all 0.3s;\n  -o-transition: all 0.3s;\n  transition: all 0.3s;\n  border-radius: 100px;\n  \/*margin: 10px 0px 0px 310px;*\/\n}\n\n#form_button:hover {\n  background: #096152;\n  color: #fff;\n  border-radius: 200px;\n}\n@media screen and (max-width: 768px) {\n  #container {\n    margin: 20px auto;\n    width: 95%;\n  }\n}\n\n@media screen and (max-width: 480px) {\n  h1 {\n    font-size: 26px;\n  }\n  \n \n  #form_button {\n    padding: 15px 25px;\n  }\n}\n\n@media screen and (max-width: 420px) {\n  h1 {\n    font-size: 18px;\n  }\n  \n \n  \n input[type='text'], [type='email'], [type='checkbox'], [type='datetime-local'], select, textarea {\n    font-size: 0.875em;\n  }\n}\n\t\n<\/style>\n\t\n<meta charset=\"UTF-8\">\n<title>Documento sin t\u00edtulo<\/title>\n<\/head>\n\n<body>\n\t\n\n\t\n\t\n\t<div id=\"container\">\n\t    \n  \n\t    \n  <form method=\"POST\" action=\"https:\/\/innovas.mx\/sendmedios.php\" id=\"contact_form\">\n \n    <div class=\"nombre\">\n      <label for=\"name\"><\/label>\n      <input type=\"text\"  placeholder=\"*Nombre\" name=\"nombre\" id=\"name_input\" class=\"name_input require\" required>\n    <\/div>\n    \n    \n    \t<div class=\"mail2\">\n      <label for=\"email\"><\/label>\n      <input type=\"text\" placeholder=\"email\" name=\"email\" id=\"email_input\">\n    <\/div>\n    \n    \n\t<div class=\"empresa\">\n      <label for=\"empresa\"><\/label>\n      <input type=\"text\" placeholder=\"Empresa\" name=\"empresa\" id=\"empresa_input\">\n    <\/div>\n    \n    <div class=\"ciudad2\">\n      <label for=\"ciudad\"><\/label>\n\t\t <input class=\"require\" type=\"text\" placeholder=\"*Ciudad\" name=\"ciudad\" id=\"ciudad\" required>\n      <!--<select name=\"pueblo\" id=\"pueblo\" placeholder=\"Subject line\" name=\"subject\" id=\"subject_input\" required>\n        <option value=\"\">Ciudad<\/option>\n      <\/select>-->\n    <\/div>\n\n    \n    <div class=\"recaptcha\">\n<div class=\"g-recaptcha\" id = \"captchaV\" data-sitekey=\"6LdxIc4qAAAAABFXIpCVlCfEYmJVuPQ11iT4LheK\" data-callback=\"correctCaptcha\">\n<\/div>\n<\/div>\n\n    \n  <div class=\"submit\">\n      <input type=\"hidden\" name=\"action\" value=\"process_form\">\n      <input type=\"submit\" value=\"Enviar\" id=\"form_button\" \/>\n    <\/div>\n    \n  <\/form><!-- \/\/ End form -->\n<\/div><!-- \/\/ End #container -->\n\t\n\t\n<\/body>\n<\/html>\t\t\t\t<\/div>\n\t\t\t\t<\/div>\n\t\t\t\t<\/div>\n\t\t\t\t\t<\/div>\n\t\t\t\t<\/div>\n\t\t<div class=\"elementor-element elementor-element-b1ab295 e-con-full e-flex e-con e-parent\" data-id=\"b1ab295\" data-element_type=\"container\">\n\t\t<div class=\"elementor-element elementor-element-73030e2 e-con-full e-flex e-con e-child\" data-id=\"73030e2\" data-element_type=\"container\" data-settings=\"{&quot;background_background&quot;:&quot;classic&quot;}\">\n\t\t<div class=\"elementor-element elementor-element-0b40c95 e-con-full e-flex e-con e-child\" data-id=\"0b40c95\" data-element_type=\"container\">\n\t\t\t\t<div class=\"elementor-element elementor-element-2229f6b elementor-widget elementor-widget-text-editor\" data-id=\"2229f6b\" data-element_type=\"widget\" data-widget_type=\"text-editor.default\">\n\t\t\t\t<div class=\"elementor-widget-container\">\n\t\t\t\t\t\t\t\t\tConsulta nuestro <a style=\"color: blue;\" href=\"http:\/\/www.grupoplexon.com\">Aviso de Privacidad<\/a>\t\t\t\t\t\t\t\t<\/div>\n\t\t\t\t<\/div>\n\t\t\t\t<\/div>\n\t\t<div class=\"elementor-element elementor-element-9259fb7 e-con-full e-flex e-con e-child\" data-id=\"9259fb7\" data-element_type=\"container\">\n\t\t\t\t<\/div>\n\t\t\t\t<\/div>\n\t\t\t\t<\/div>\n\t\t\t\t<\/div>\n\t\t","protected":false},"excerpt":{"rendered":"<p>MEDIOS Mantente al tanto de las \u00faltimas noticias sobre la Expo de Innovaci\u00f3n y Vida Sustentable. Encuentra aqu\u00ed todos los comunicados de prensa y noticias relevantes del evento. Acreditaci\u00f3n para Medios: si eres periodista y deseas cubrir el evento, solicita tu acreditaci\u00f3n en esta secci\u00f3n. Registro Medios Acreditaci\u00f3n para Medios: si eres periodista y deseas [&hellip;]<\/p>\n","protected":false},"author":1,"featured_media":0,"parent":0,"menu_order":0,"comment_status":"closed","ping_status":"closed","template":"elementor_header_footer","meta":{"hide_page_title":"","footnotes":""},"class_list":["post-534","page","type-page","status-publish","hentry"],"_links":{"self":[{"href":"https:\/\/innovas.mx\/index.php\/wp-json\/wp\/v2\/pages\/534","targetHints":{"allow":["GET"]}}],"collection":[{"href":"https:\/\/innovas.mx\/index.php\/wp-json\/wp\/v2\/pages"}],"about":[{"href":"https:\/\/innovas.mx\/index.php\/wp-json\/wp\/v2\/types\/page"}],"author":[{"embeddable":true,"href":"https:\/\/innovas.mx\/index.php\/wp-json\/wp\/v2\/users\/1"}],"replies":[{"embeddable":true,"href":"https:\/\/innovas.mx\/index.php\/wp-json\/wp\/v2\/comments?post=534"}],"version-history":[{"count":73,"href":"https:\/\/innovas.mx\/index.php\/wp-json\/wp\/v2\/pages\/534\/revisions"}],"predecessor-version":[{"id":1376,"href":"https:\/\/innovas.mx\/index.php\/wp-json\/wp\/v2\/pages\/534\/revisions\/1376"}],"wp:attachment":[{"href":"https:\/\/innovas.mx\/index.php\/wp-json\/wp\/v2\/media?parent=534"}],"curies":[{"name":"wp","href":"https:\/\/api.w.org\/{rel}","templated":true}]}}