{"id":668,"date":"2024-11-21T00:08:45","date_gmt":"2024-11-21T00:08:45","guid":{"rendered":"https:\/\/innovas.mx\/?page_id=668"},"modified":"2024-12-10T06:34:24","modified_gmt":"2024-12-10T06:34:24","slug":"blog","status":"publish","type":"page","link":"https:\/\/innovas.mx\/index.php\/blog\/","title":{"rendered":"Blog"},"content":{"rendered":"\t\t<div data-elementor-type=\"wp-page\" data-elementor-id=\"668\" class=\"elementor elementor-668\">\n\t\t\t\t\t\t<section class=\"elementor-section elementor-top-section elementor-element elementor-element-a7aba33 elementor-section-full_width elementor-section-height-min-height elementor-section-height-default elementor-section-items-middle\" data-id=\"a7aba33\" data-element_type=\"section\" data-settings=\"{&quot;background_background&quot;:&quot;classic&quot;}\">\n\t\t\t\t\t\t<div class=\"elementor-container elementor-column-gap-no\">\n\t\t\t\t\t<div class=\"elementor-column elementor-col-50 elementor-top-column elementor-element elementor-element-a36bc47\" data-id=\"a36bc47\" data-element_type=\"column\">\n\t\t\t<div class=\"elementor-widget-wrap elementor-element-populated\">\n\t\t\t\t\t\t<div class=\"elementor-element elementor-element-8b1aad1 elementor-widget elementor-widget-heading\" data-id=\"8b1aad1\" data-element_type=\"widget\" data-widget_type=\"heading.default\">\n\t\t\t\t<div class=\"elementor-widget-container\">\n\t\t\t\t\t<h2 class=\"elementor-heading-title elementor-size-default\">BLOG<\/h2>\t\t\t\t<\/div>\n\t\t\t\t<\/div>\n\t\t\t\t\t<\/div>\n\t\t<\/div>\n\t\t\t\t<div class=\"elementor-column elementor-col-50 elementor-top-column elementor-element elementor-element-8be1694\" data-id=\"8be1694\" data-element_type=\"column\">\n\t\t\t<div class=\"elementor-widget-wrap\">\n\t\t\t\t\t\t\t<\/div>\n\t\t<\/div>\n\t\t\t\t\t<\/div>\n\t\t<\/section>\n\t\t<div class=\"elementor-element elementor-element-5df66325 e-flex e-con-boxed e-con e-parent\" data-id=\"5df66325\" data-element_type=\"container\">\n\t\t\t\t\t<div class=\"e-con-inner\">\n\t\t\t\t<div class=\"elementor-element elementor-element-235b958 elementor-widget elementor-widget-contentviews_widget_grid1\" data-id=\"235b958\" data-element_type=\"widget\" data-widget_type=\"contentviews_widget_grid1.default\">\n\t\t\t\t<div class=\"elementor-widget-container\">\n\t\t\t\t\t<div class='pt-cv-wrapper'> <div class=\"pt-cv-view pt-cv-blockgrid iscvblock iscvelementor grid1 layout1\" id=\"pt-cv-view-235b958\"><div data-id=\"pt-cv-page-1\" class=\"pt-cv-page\" data-cvc=\"4\"><div class=\" pt-cv-content-item pt-cv-1-col\" ><div class=\"pt-cv-thumb-wrapper  \"><a href=\"https:\/\/innovas.mx\/index.php\/2025\/01\/31\/tendencias-tecnologicas-de-2025-innovaciones-que-redefiniran-el-futuro-empresarial\/\" class=\"_self pt-cv-href-thumbnail pt-cv-thumb-default\" target=\"_self\" ><img fetchpriority=\"high\" decoding=\"async\" width=\"660\" height=\"371\" src=\"https:\/\/innovas.mx\/wp-content\/uploads\/2025\/01\/1.jpg\" class=\"pt-cv-thumbnail\" alt=\"\" \/><\/a><\/div>\n<div class=\"pt-cv-taxoterm above_title\"><a href='https:\/\/innovas.mx\/index.php\/category\/actualidad-global\/' title='Actualidad Global' class='pt-cv-tax-actualidad-global'>Actualidad Global<\/a><\/div>\n<h4 class=\"pt-cv-title\"><a href=\"https:\/\/innovas.mx\/index.php\/2025\/01\/31\/tendencias-tecnologicas-de-2025-innovaciones-que-redefiniran-el-futuro-empresarial\/\" class=\"_self\" target=\"_self\" >Tendencias Tecnol\u00f3gicas de 2025: Innovaciones que Redefinir\u00e1n el Futuro Empresarial<\/a><\/h4>\n<div class=\"pt-cv-content\">A medida que avanzamos hacia 2025, el panorama tecnol\u00f3gico sigue evolucionando a un ritmo acelerado, prometiendo cambios que transformar\u00e1n tanto ...<\/div>\n<div class=\"pt-cv-rmwrap\"><a href=\"https:\/\/innovas.mx\/index.php\/2025\/01\/31\/tendencias-tecnologicas-de-2025-innovaciones-que-redefiniran-el-futuro-empresarial\/\" class=\"_self pt-cv-readmore btn btn-success\" target=\"_self\" >Leer M\u00e1s<\/a><\/div>\n<div class=\"pt-cv-meta-fields\"><span class=\"entry-date\"> <time datetime=\"2025-01-31T21:59:16+00:00\">enero 31, 2025<\/time><\/span><span> \/ <\/span><span class=\"author\"> <a href=\"https:\/\/innovas.mx\/index.php\/author\/admin_innovas\/\" rel=\"author\">admin<\/a><\/span><\/div><\/div>\n<div class=\" pt-cv-content-item pt-cv-1-col\" ><div class=\"pt-cv-thumb-wrapper  \"><a href=\"https:\/\/innovas.mx\/index.php\/2024\/12\/04\/elementor-810\/\" class=\"_self pt-cv-href-thumbnail pt-cv-thumb-default\" target=\"_self\" ><img decoding=\"async\" width=\"660\" height=\"446\" src=\"https:\/\/innovas.mx\/wp-content\/uploads\/2024\/12\/Diseno-sin-titulo.jpg\" class=\"pt-cv-thumbnail\" alt=\"\" \/><\/a><\/div>\n<div class=\"pt-cv-taxoterm above_title\"><a href='https:\/\/innovas.mx\/index.php\/category\/jalisco-hoy\/' title='Jalisco Hoy' class='pt-cv-tax-jalisco-hoy'>Jalisco Hoy<\/a><\/div>\n<h4 class=\"pt-cv-title\"><a href=\"https:\/\/innovas.mx\/index.php\/2024\/12\/04\/elementor-810\/\" class=\"_self\" target=\"_self\" >Guadalajara: Mercado Clave para la Innovaci\u00f3n Tecnol\u00f3gica y la Sustentabilidad<\/a><\/h4>\n<div class=\"pt-cv-content\">Guadalajara: Mercado Clave para la Innovaci\u00f3n Tecnol\u00f3gica y la Sustentabilidad Guadalajara, conocida como \"el Silicon Valley mexicano\", se ha consolidado ...<\/div>\n<div class=\"pt-cv-rmwrap\"><a href=\"https:\/\/innovas.mx\/index.php\/2024\/12\/04\/elementor-810\/\" class=\"_self pt-cv-readmore btn btn-success\" target=\"_self\" >Leer M\u00e1s<\/a><\/div>\n<div class=\"pt-cv-meta-fields\"><span class=\"entry-date\"> <time datetime=\"2024-12-04T22:26:08+00:00\">diciembre 4, 2024<\/time><\/span><span> \/ <\/span><span class=\"author\"> <a href=\"https:\/\/innovas.mx\/index.php\/author\/admin_innovas\/\" rel=\"author\">admin<\/a><\/span><\/div><\/div>\n<div class=\" pt-cv-content-item pt-cv-1-col\" ><div class=\"pt-cv-thumb-wrapper  \"><a href=\"https:\/\/innovas.mx\/index.php\/2024\/11\/20\/elementor-651\/\" class=\"_self pt-cv-href-thumbnail pt-cv-thumb-default\" target=\"_self\" ><img decoding=\"async\" width=\"660\" height=\"457\" src=\"https:\/\/innovas.mx\/wp-content\/uploads\/2024\/11\/uber-robotaxi-tecfuturo-actualidad-ciberseguridad-ai-3.jpg\" class=\"pt-cv-thumbnail\" alt=\"\" \/><\/a><\/div>\n<div class=\"pt-cv-taxoterm above_title\"><a href='https:\/\/innovas.mx\/index.php\/category\/actualidad-global\/' title='Actualidad Global' class='pt-cv-tax-actualidad-global'>Actualidad Global<\/a><\/div>\n<h4 class=\"pt-cv-title\"><a href=\"https:\/\/innovas.mx\/index.php\/2024\/11\/20\/elementor-651\/\" class=\"_self\" target=\"_self\" >Uber y sus robotaxis marcan el futuro de la movilidad global<\/a><\/h4>\n<div class=\"pt-cv-content\">Uber y sus robotaxis marcan el futuro de la movilidad global. La innovaci\u00f3n tecnol\u00f3gica sigue avanzando a pasos agigantados, y ...<\/div>\n<div class=\"pt-cv-rmwrap\"><a href=\"https:\/\/innovas.mx\/index.php\/2024\/11\/20\/elementor-651\/\" class=\"_self pt-cv-readmore btn btn-success\" target=\"_self\" >Leer M\u00e1s<\/a><\/div>\n<div class=\"pt-cv-meta-fields\"><span class=\"entry-date\"> <time datetime=\"2024-11-20T19:36:23+00:00\">noviembre 20, 2024<\/time><\/span><span> \/ <\/span><span class=\"author\"> <a href=\"https:\/\/innovas.mx\/index.php\/author\/admin_innovas\/\" rel=\"author\">admin<\/a><\/span><\/div><\/div>\n<div class=\" pt-cv-content-item pt-cv-1-col\" ><div class=\"pt-cv-thumb-wrapper  \"><a href=\"https:\/\/innovas.mx\/index.php\/2024\/11\/13\/blog\/\" class=\"_self pt-cv-href-thumbnail pt-cv-thumb-default\" target=\"_self\" ><img loading=\"lazy\" decoding=\"async\" width=\"660\" height=\"242\" src=\"https:\/\/innovas.mx\/wp-content\/uploads\/2024\/11\/casting-3.png\" class=\"pt-cv-thumbnail\" alt=\"\" \/><\/a><\/div>\n<div class=\"pt-cv-taxoterm above_title\"><a href='https:\/\/innovas.mx\/index.php\/category\/panorama-nacional\/' title='Panorama Nacional' class='pt-cv-tax-panorama-nacional'>Panorama Nacional<\/a><\/div>\n<h4 class=\"pt-cv-title\"><a href=\"https:\/\/innovas.mx\/index.php\/2024\/11\/13\/blog\/\" class=\"_self\" target=\"_self\" >C\u00f3mo Implementar una Infraestructura TI Sostenible en tu Empresa: Claves para el \u00c9xito<\/a><\/h4>\n<div class=\"pt-cv-content\">C\u00f3mo Implementar una Infraestructura TI Sostenible en tu Empresa: Claves para el \u00c9xito La sostenibilidad se ha convertido en una ...<\/div>\n<div class=\"pt-cv-rmwrap\"><a href=\"https:\/\/innovas.mx\/index.php\/2024\/11\/13\/blog\/\" class=\"_self pt-cv-readmore btn btn-success\" target=\"_self\" >Leer M\u00e1s<\/a><\/div>\n<div class=\"pt-cv-meta-fields\"><span class=\"entry-date\"> <time datetime=\"2024-11-13T19:13:32+00:00\">noviembre 13, 2024<\/time><\/span><span> \/ <\/span><span class=\"author\"> <a href=\"https:\/\/innovas.mx\/index.php\/author\/admin_innovas\/\" rel=\"author\">admin<\/a><\/span><\/div><\/div><\/div><\/div> <\/div> \t\t\t\t<\/div>\n\t\t\t\t<\/div>\n\t\t\t\t\t<\/div>\n\t\t\t\t<\/div>\n\t\t\t\t<\/div>\n\t\t","protected":false},"excerpt":{"rendered":"<p>BLOG Uncategorized Guadalajara: Mercado Clave para la Innovaci\u00f3n Tecnol\u00f3gica y la Sustentabilidad Guadalajara: Mercado Clave para la Innovaci\u00f3n Tecnol\u00f3gica y la Sustentabilidad Guadalajara, conocida como \u00abel Silicon Valley mexicano\u00bb, se ha consolidado &#8230; Leer M\u00e1s diciembre 4, 2024 \/ admin<\/p>\n","protected":false},"author":1,"featured_media":0,"parent":0,"menu_order":0,"comment_status":"closed","ping_status":"closed","template":"elementor_header_footer","meta":{"hide_page_title":"","footnotes":""},"class_list":["post-668","page","type-page","status-publish","hentry"],"_links":{"self":[{"href":"https:\/\/innovas.mx\/index.php\/wp-json\/wp\/v2\/pages\/668","targetHints":{"allow":["GET"]}}],"collection":[{"href":"https:\/\/innovas.mx\/index.php\/wp-json\/wp\/v2\/pages"}],"about":[{"href":"https:\/\/innovas.mx\/index.php\/wp-json\/wp\/v2\/types\/page"}],"author":[{"embeddable":true,"href":"https:\/\/innovas.mx\/index.php\/wp-json\/wp\/v2\/users\/1"}],"replies":[{"embeddable":true,"href":"https:\/\/innovas.mx\/index.php\/wp-json\/wp\/v2\/comments?post=668"}],"version-history":[{"count":17,"href":"https:\/\/innovas.mx\/index.php\/wp-json\/wp\/v2\/pages\/668\/revisions"}],"predecessor-version":[{"id":979,"href":"https:\/\/innovas.mx\/index.php\/wp-json\/wp\/v2\/pages\/668\/revisions\/979"}],"wp:attachment":[{"href":"https:\/\/innovas.mx\/index.php\/wp-json\/wp\/v2\/media?parent=668"}],"curies":[{"name":"wp","href":"https:\/\/api.w.org\/{rel}","templated":true}]}}